{"id":153,"date":"2020-01-20T19:09:08","date_gmt":"2020-01-20T18:09:08","guid":{"rendered":"http:\/\/klimacikweselny.pl\/?page_id=153"},"modified":"2020-01-26T19:17:17","modified_gmt":"2020-01-26T18:17:17","slug":"o-nas","status":"publish","type":"page","link":"https:\/\/klimacikweselny.pl\/index.php\/o-nas\/","title":{"rendered":"O Nas"},"content":{"rendered":"\t\t<div data-elementor-type=\"wp-page\" data-elementor-id=\"153\" class=\"elementor elementor-153\" data-elementor-settings=\"[]\">\n\t\t\t\t\t\t<div class=\"elementor-inner\">\n\t\t\t\t\t\t\t<div class=\"elementor-section-wrap\">\n\t\t\t\t\t\t\t<section class=\"elementor-section elementor-top-section elementor-element elementor-element-e7c55b7 elementor-section-boxed elementor-section-height-default elementor-section-height-default\" data-id=\"e7c55b7\" data-element_type=\"section\" data-settings=\"{&quot;background_background&quot;:&quot;classic&quot;}\">\n\t\t\t\t\t\t\t<div class=\"elementor-background-overlay\"><\/div>\n\t\t\t\t\t\t\t<div class=\"elementor-container elementor-column-gap-default\">\n\t\t\t\t\t\t\t<div class=\"elementor-row\">\n\t\t\t\t\t<div class=\"elementor-column elementor-col-100 elementor-top-column elementor-element elementor-element-791278a\" data-id=\"791278a\" data-element_type=\"column\">\n\t\t\t<div class=\"elementor-column-wrap elementor-element-populated\">\n\t\t\t\t\t\t\t<div class=\"elementor-widget-wrap\">\n\t\t\t\t\t\t<div class=\"elementor-element elementor-element-84d4b88 elementor-widget elementor-widget-shortcode\" data-id=\"84d4b88\" data-element_type=\"widget\" data-widget_type=\"shortcode.default\">\n\t\t\t\t<div class=\"elementor-widget-container\">\n\t\t\t\t\t<div class=\"elementor-shortcode\"><\/div>\n\t\t\t\t<\/div>\n\t\t\t\t<\/div>\n\t\t\t\t\t\t<\/div>\n\t\t\t\t\t<\/div>\n\t\t<\/div>\n\t\t\t\t\t\t\t\t<\/div>\n\t\t\t\t\t<\/div>\n\t\t<\/section>\n\t\t\t\t<section class=\"elementor-section elementor-top-section elementor-element elementor-element-6c8e28d6 elementor-section-boxed elementor-section-height-default elementor-section-height-default\" data-id=\"6c8e28d6\" data-element_type=\"section\" data-settings=\"{&quot;background_background&quot;:&quot;classic&quot;}\">\n\t\t\t\t\t\t\t<div class=\"elementor-background-overlay\"><\/div>\n\t\t\t\t\t\t\t<div class=\"elementor-container elementor-column-gap-extended\">\n\t\t\t\t\t\t\t<div class=\"elementor-row\">\n\t\t\t\t\t<div class=\"elementor-column elementor-col-100 elementor-top-column elementor-element elementor-element-772483d\" data-id=\"772483d\" data-element_type=\"column\" data-settings=\"{&quot;background_background&quot;:&quot;classic&quot;}\">\n\t\t\t<div class=\"elementor-column-wrap elementor-element-populated\">\n\t\t\t\t\t\t\t<div class=\"elementor-widget-wrap\">\n\t\t\t\t\t\t<section class=\"elementor-section elementor-inner-section elementor-element elementor-element-32643ac2 elementor-section-content-middle elementor-section-boxed elementor-section-height-default elementor-section-height-default\" data-id=\"32643ac2\" data-element_type=\"section\" data-settings=\"{&quot;background_background&quot;:&quot;classic&quot;}\">\n\t\t\t\t\t\t<div class=\"elementor-container elementor-column-gap-wider\">\n\t\t\t\t\t\t\t<div class=\"elementor-row\">\n\t\t\t\t\t<div class=\"elementor-column elementor-col-100 elementor-inner-column elementor-element elementor-element-18a48d7\" data-id=\"18a48d7\" data-element_type=\"column\">\n\t\t\t<div class=\"elementor-column-wrap elementor-element-populated\">\n\t\t\t\t\t\t\t<div class=\"elementor-widget-wrap\">\n\t\t\t\t\t\t<div class=\"elementor-element elementor-element-c65ef3e elementor-widget-divider--view-line_text elementor-widget-divider--element-align-center elementor-invisible elementor-widget elementor-widget-divider\" data-id=\"c65ef3e\" data-element_type=\"widget\" data-settings=\"{&quot;_animation&quot;:&quot;fadeInDown&quot;}\" data-widget_type=\"divider.default\">\n\t\t\t\t<div class=\"elementor-widget-container\">\n\t\t\t\t\t<div class=\"elementor-divider\">\n\t\t\t<span class=\"elementor-divider-separator\">\n\t\t\t\t\t\t\t<span class=\"elementor-divider__text elementor-divider__element\">O NAS<\/span>\n\t\t\t\t\t\t<\/span>\n\t\t<\/div>\n\t\t\t\t<\/div>\n\t\t\t\t<\/div>\n\t\t\t\t\t\t<\/div>\n\t\t\t\t\t<\/div>\n\t\t<\/div>\n\t\t\t\t\t\t\t\t<\/div>\n\t\t\t\t\t<\/div>\n\t\t<\/section>\n\t\t\t\t<section class=\"elementor-section elementor-inner-section elementor-element elementor-element-6bf96b1b elementor-section-boxed elementor-section-height-default elementor-section-height-default\" data-id=\"6bf96b1b\" data-element_type=\"section\" data-settings=\"{&quot;background_background&quot;:&quot;classic&quot;}\">\n\t\t\t\t\t\t<div class=\"elementor-container elementor-column-gap-wider\">\n\t\t\t\t\t\t\t<div class=\"elementor-row\">\n\t\t\t\t\t<div class=\"elementor-column elementor-col-100 elementor-inner-column elementor-element elementor-element-6138df11\" data-id=\"6138df11\" data-element_type=\"column\">\n\t\t\t<div class=\"elementor-column-wrap elementor-element-populated\">\n\t\t\t\t\t\t\t<div class=\"elementor-widget-wrap\">\n\t\t\t\t\t\t<div class=\"elementor-element elementor-element-48229a6 elementor-widget elementor-widget-text-editor\" data-id=\"48229a6\" data-element_type=\"widget\" data-widget_type=\"text-editor.default\">\n\t\t\t\t<div class=\"elementor-widget-container\">\n\t\t\t\t\t<div class=\"elementor-text-editor elementor-clearfix\"><p>Dzie\u0144 \u015alubu jest najwspanialszym dniem w Waszym \u017cyciu. Chcecie, aby wszystko by\u0142o tak jak sobie wymarzyli\u015bcie.<\/p><p>Nasza firma zrobi wszystko, aby tak si\u0119 sta\u0142o. Zajmujemy si\u0119 wystrojem ko\u015bcio\u0142\u00f3w, sal oraz plener\u00f3w wed\u0142ug wizji przedstawionej przez naszych klient\u00f3w, jednak\u017ce te\u017c przedstawimy nasze propozycje na dekoracje. Dok\u0142adnie dobierzemy styl, oraz kolorystyk\u0119 do Waszych potrzeb, dostosujemy si\u0119 do potrzeb i oczekiwa\u0144 ka\u017cdej Pary M\u0142odej. Tylko od naszych klient\u00f3w zale\u017cy rodzaj wystroju, my ze swojej strony zapewniamy, i\u017c b\u0119d\u0105 oryginalne i swoim charakterem wyra\u017c\u0105 ka\u017cde wydarzenie. Ka\u017cda nowa realizacja to dla nas nowe wyzwania, kt\u00f3re motywuj\u0105 do dzia\u0142ania. Dla nas zadowolenie klienta jest najwa\u017cniejsze. Nasze dekoracje spowoduj\u0105, i\u017c zar\u00f3wno \u015blub jak i wesele, oraz ka\u017cda uroczysto\u015b\u0107 zapadn\u0105 w pami\u0119ci Waszej jak i Waszych go\u015bci na ca\u0142e \u017cycie.<\/p><p>Dzi\u0119ki temu, i\u017c dysponujemy zapleczem r\u00f3\u017cnych rekwizyt\u00f3w zapewnimy nastr\u00f3j i w subtelny spos\u00f3b podkre\u015blimy wyj\u0105tkowo\u015b\u0107 ka\u017cdej uroczysto\u015bci.<\/p><p>Ze swojej strony zapewniamy, \u017ce sprostamy ka\u017cdemu wymaganiu jak i dostosujemy wyb\u00f3r dekoracji do Waszego bud\u017cetu.<\/p><\/div>\n\t\t\t\t<\/div>\n\t\t\t\t<\/div>\n\t\t\t\t<div class=\"elementor-element elementor-element-30d9a1d elementor-widget-divider--view-line elementor-invisible elementor-widget elementor-widget-divider\" data-id=\"30d9a1d\" data-element_type=\"widget\" data-settings=\"{&quot;_animation&quot;:&quot;fadeInLeft&quot;,&quot;_animation_delay&quot;:&quot;300&quot;}\" data-widget_type=\"divider.default\">\n\t\t\t\t<div class=\"elementor-widget-container\">\n\t\t\t\t\t<div class=\"elementor-divider\">\n\t\t\t<span class=\"elementor-divider-separator\">\n\t\t\t\t\t\t<\/span>\n\t\t<\/div>\n\t\t\t\t<\/div>\n\t\t\t\t<\/div>\n\t\t\t\t\t\t<\/div>\n\t\t\t\t\t<\/div>\n\t\t<\/div>\n\t\t\t\t\t\t\t\t<\/div>\n\t\t\t\t\t<\/div>\n\t\t<\/section>\n\t\t\t\t\t\t<\/div>\n\t\t\t\t\t<\/div>\n\t\t<\/div>\n\t\t\t\t\t\t\t\t<\/div>\n\t\t\t\t\t<\/div>\n\t\t<\/section>\n\t\t\t\t\t\t<\/div>\n\t\t\t\t\t\t<\/div>\n\t\t\t\t\t<\/div>\n\t\t","protected":false},"excerpt":{"rendered":"<p>O NAS Dzie\u0144 \u015alubu jest najwspanialszym dniem w Waszym \u017cyciu. Chcecie, aby wszystko by\u0142o tak jak sobie wymarzyli\u015bcie. Nasza firma zrobi wszystko, aby tak si\u0119 sta\u0142o. Zajmujemy si\u0119 wystrojem ko\u015bcio\u0142\u00f3w, sal oraz plener\u00f3w wed\u0142ug wizji przedstawionej przez naszych klient\u00f3w, jednak\u017ce te\u017c przedstawimy nasze propozycje na dekoracje. Dok\u0142adnie dobierzemy styl, oraz kolorystyk\u0119 do Waszych potrzeb, dostosujemy [&hellip;]<\/p>\n","protected":false},"author":1,"featured_media":0,"parent":0,"menu_order":0,"comment_status":"closed","ping_status":"closed","template":"","meta":[],"yoast_head":"<!-- This site is optimized with the Yoast SEO plugin v15.2.1 - https:\/\/yoast.com\/wordpress\/plugins\/seo\/ -->\n<title>O Nas - Klimacik Weselny<\/title>\n<meta name=\"robots\" content=\"index, follow, max-snippet:-1, max-image-preview:large, max-video-preview:-1\" \/>\n<link rel=\"canonical\" href=\"https:\/\/klimacikweselny.pl\/index.php\/o-nas\/\" \/>\n<meta property=\"og:locale\" content=\"pl_PL\" \/>\n<meta property=\"og:type\" content=\"article\" \/>\n<meta property=\"og:title\" content=\"O Nas - Klimacik Weselny\" \/>\n<meta property=\"og:description\" content=\"O NAS Dzie\u0144 \u015alubu jest najwspanialszym dniem w Waszym \u017cyciu. Chcecie, aby wszystko by\u0142o tak jak sobie wymarzyli\u015bcie. Nasza firma zrobi wszystko, aby tak si\u0119 sta\u0142o. Zajmujemy si\u0119 wystrojem ko\u015bcio\u0142\u00f3w, sal oraz plener\u00f3w wed\u0142ug wizji przedstawionej przez naszych klient\u00f3w, jednak\u017ce te\u017c przedstawimy nasze propozycje na dekoracje. Dok\u0142adnie dobierzemy styl, oraz kolorystyk\u0119 do Waszych potrzeb, dostosujemy [&hellip;]\" \/>\n<meta property=\"og:url\" content=\"https:\/\/klimacikweselny.pl\/index.php\/o-nas\/\" \/>\n<meta property=\"og:site_name\" content=\"Klimacik Weselny\" \/>\n<meta property=\"article:modified_time\" content=\"2020-01-26T18:17:17+00:00\" \/>\n<meta name=\"twitter:card\" content=\"summary_large_image\" \/>\n<meta name=\"twitter:label1\" content=\"Written by\">\n\t<meta name=\"twitter:data1\" content=\"klimacikweselny-admin\">\n\t<meta name=\"twitter:label2\" content=\"Est. reading time\">\n\t<meta name=\"twitter:data2\" content=\"1 minuta\">\n<script type=\"application\/ld+json\" class=\"yoast-schema-graph\">{\"@context\":\"https:\/\/schema.org\",\"@graph\":[{\"@type\":\"WebSite\",\"@id\":\"https:\/\/klimacikweselny.pl\/#website\",\"url\":\"https:\/\/klimacikweselny.pl\/\",\"name\":\"Klimacik Weselny\",\"description\":\"\",\"potentialAction\":[{\"@type\":\"SearchAction\",\"target\":\"https:\/\/klimacikweselny.pl\/?s={search_term_string}\",\"query-input\":\"required name=search_term_string\"}],\"inLanguage\":\"pl-PL\"},{\"@type\":\"WebPage\",\"@id\":\"https:\/\/klimacikweselny.pl\/index.php\/o-nas\/#webpage\",\"url\":\"https:\/\/klimacikweselny.pl\/index.php\/o-nas\/\",\"name\":\"O Nas - Klimacik Weselny\",\"isPartOf\":{\"@id\":\"https:\/\/klimacikweselny.pl\/#website\"},\"datePublished\":\"2020-01-20T18:09:08+00:00\",\"dateModified\":\"2020-01-26T18:17:17+00:00\",\"inLanguage\":\"pl-PL\",\"potentialAction\":[{\"@type\":\"ReadAction\",\"target\":[\"https:\/\/klimacikweselny.pl\/index.php\/o-nas\/\"]}]}]}<\/script>\n<!-- \/ Yoast SEO plugin. -->","_links":{"self":[{"href":"https:\/\/klimacikweselny.pl\/index.php\/wp-json\/wp\/v2\/pages\/153"}],"collection":[{"href":"https:\/\/klimacikweselny.pl\/index.php\/wp-json\/wp\/v2\/pages"}],"about":[{"href":"https:\/\/klimacikweselny.pl\/index.php\/wp-json\/wp\/v2\/types\/page"}],"author":[{"embeddable":true,"href":"https:\/\/klimacikweselny.pl\/index.php\/wp-json\/wp\/v2\/users\/1"}],"replies":[{"embeddable":true,"href":"https:\/\/klimacikweselny.pl\/index.php\/wp-json\/wp\/v2\/comments?post=153"}],"version-history":[{"count":61,"href":"https:\/\/klimacikweselny.pl\/index.php\/wp-json\/wp\/v2\/pages\/153\/revisions"}],"predecessor-version":[{"id":827,"href":"https:\/\/klimacikweselny.pl\/index.php\/wp-json\/wp\/v2\/pages\/153\/revisions\/827"}],"wp:attachment":[{"href":"https:\/\/klimacikweselny.pl\/index.php\/wp-json\/wp\/v2\/media?parent=153"}],"curies":[{"name":"wp","href":"https:\/\/api.w.org\/{rel}","templated":true}]}}