{"id":957,"date":"2024-04-09T19:05:51","date_gmt":"2024-04-09T17:05:51","guid":{"rendered":"https:\/\/klimacikweselny.pl\/?page_id=957"},"modified":"2024-09-17T22:18:15","modified_gmt":"2024-09-17T20:18:15","slug":"realizacje","status":"publish","type":"page","link":"https:\/\/klimacikweselny.pl\/index.php\/realizacje\/","title":{"rendered":"Realizacje"},"content":{"rendered":"\t\t<div data-elementor-type=\"wp-page\" data-elementor-id=\"957\" class=\"elementor elementor-957\" data-elementor-settings=\"[]\">\n\t\t\t\t\t\t<div class=\"elementor-inner\">\n\t\t\t\t\t\t\t<div class=\"elementor-section-wrap\">\n\t\t\t\t\t\t\t<section class=\"elementor-section elementor-top-section elementor-element elementor-element-6ea9508 elementor-section-boxed elementor-section-height-default elementor-section-height-default\" data-id=\"6ea9508\" data-element_type=\"section\">\n\t\t\t\t\t\t<div class=\"elementor-container elementor-column-gap-default\">\n\t\t\t\t\t\t\t<div class=\"elementor-row\">\n\t\t\t\t\t<div class=\"elementor-column elementor-col-100 elementor-top-column elementor-element elementor-element-ec09f5c\" data-id=\"ec09f5c\" data-element_type=\"column\">\n\t\t\t<div class=\"elementor-column-wrap elementor-element-populated\">\n\t\t\t\t\t\t\t<div class=\"elementor-widget-wrap\">\n\t\t\t\t\t\t<div class=\"elementor-element elementor-element-6acaac9 elementor-widget elementor-widget-text-editor\" data-id=\"6acaac9\" data-element_type=\"widget\" data-widget_type=\"text-editor.default\">\n\t\t\t\t<div class=\"elementor-widget-container\">\n\t\t\t\t\t<div class=\"elementor-text-editor elementor-clearfix\"><p style=\"text-align: center;\">02.03.2023<\/p>\n<p style=\"text-align: center;\"><span style=\"color: #ff0000;\">Ilona &amp; Piotr<\/span><\/p>\n<p>Tym razem nasza M\u0142oda Para postanowi\u0142a jecha\u0107 do \u015blubu Chrysler 300C<\/p>\n<p>\u015alub odby\u0142 si\u0119 w Pw. Matki Boskiej Nieustaj\u0105cej Pomocy w Bydgoszczy. Ta wyj\u0105tkowa dekoracja mia\u0142a skupi\u0107 swoj\u0105 uwag\u0119 na \u0142ukach stworzonych z delikatnego tiulu oraz balon\u00f3w z helem, kt\u00f3re bardzo przypad\u0142y go\u015bciom do gustu. Ilona wymarzy\u0142a sobie aby tego dnia droga do o\u0142tarza by\u0142a roz\u015bwietlona lampkami led w delikatnym materiale, kt\u00f3ry zamyka\u0142 \u0142awki oraz zwie\u0144czona drzewkami \u015bwietlnymi.&nbsp;<\/p>\n<p>Ilona &#8211; pi\u0119kna, urocza i ciep\u0142a osoba&nbsp; &nbsp; &nbsp; Piotr &#8211; przystojny, m\u0105dry, zakochany<\/p>\n<p>To przepis na idealn\u0105 par\u0119!<\/p>\n<p><\/p><\/div>\n\t\t\t\t<\/div>\n\t\t\t\t<\/div>\n\t\t\t\t<section class=\"elementor-section elementor-inner-section elementor-element elementor-element-861e760 elementor-section-boxed elementor-section-height-default elementor-section-height-default\" data-id=\"861e760\" data-element_type=\"section\">\n\t\t\t\t\t\t<div class=\"elementor-container elementor-column-gap-default\">\n\t\t\t\t\t\t\t<div class=\"elementor-row\">\n\t\t\t\t\t<div class=\"elementor-column elementor-col-33 elementor-inner-column elementor-element elementor-element-11016f1\" data-id=\"11016f1\" data-element_type=\"column\">\n\t\t\t<div class=\"elementor-column-wrap elementor-element-populated\">\n\t\t\t\t\t\t\t<div class=\"elementor-widget-wrap\">\n\t\t\t\t\t\t<div class=\"elementor-element elementor-element-fc4eb46 elementor-widget elementor-widget-image\" data-id=\"fc4eb46\" data-element_type=\"widget\" data-widget_type=\"image.default\">\n\t\t\t\t<div class=\"elementor-widget-container\">\n\t\t\t\t\t<div class=\"elementor-image\">\n\t\t\t\t\t\t\t\t\t\t<img width=\"1024\" height=\"683\" src=\"https:\/\/klimacikweselny.pl\/wp-content\/uploads\/2024\/09\/IMG-20231109-WA0014-1024x683.jpg\" class=\"attachment-large size-large\" alt=\"\" loading=\"lazy\" srcset=\"https:\/\/klimacikweselny.pl\/wp-content\/uploads\/2024\/09\/IMG-20231109-WA0014-1024x683.jpg 1024w, https:\/\/klimacikweselny.pl\/wp-content\/uploads\/2024\/09\/IMG-20231109-WA0014-300x200.jpg 300w, https:\/\/klimacikweselny.pl\/wp-content\/uploads\/2024\/09\/IMG-20231109-WA0014-768x512.jpg 768w, https:\/\/klimacikweselny.pl\/wp-content\/uploads\/2024\/09\/IMG-20231109-WA0014-1536x1024.jpg 1536w, https:\/\/klimacikweselny.pl\/wp-content\/uploads\/2024\/09\/IMG-20231109-WA0014.jpg 2048w\" sizes=\"(max-width: 1024px) 100vw, 1024px\" \/>\t\t\t\t\t\t\t\t\t\t\t<\/div>\n\t\t\t\t<\/div>\n\t\t\t\t<\/div>\n\t\t\t\t<div class=\"elementor-element elementor-element-09246ce elementor-widget elementor-widget-image\" data-id=\"09246ce\" data-element_type=\"widget\" data-widget_type=\"image.default\">\n\t\t\t\t<div class=\"elementor-widget-container\">\n\t\t\t\t\t<div class=\"elementor-image\">\n\t\t\t\t\t\t\t\t\t\t<img width=\"684\" height=\"1024\" src=\"https:\/\/klimacikweselny.pl\/wp-content\/uploads\/2024\/09\/DSC_7475-684x1024.jpg\" class=\"attachment-large size-large\" alt=\"\" loading=\"lazy\" srcset=\"https:\/\/klimacikweselny.pl\/wp-content\/uploads\/2024\/09\/DSC_7475-684x1024.jpg 684w, https:\/\/klimacikweselny.pl\/wp-content\/uploads\/2024\/09\/DSC_7475-200x300.jpg 200w, https:\/\/klimacikweselny.pl\/wp-content\/uploads\/2024\/09\/DSC_7475-768x1151.jpg 768w, https:\/\/klimacikweselny.pl\/wp-content\/uploads\/2024\/09\/DSC_7475-1025x1536.jpg 1025w, https:\/\/klimacikweselny.pl\/wp-content\/uploads\/2024\/09\/DSC_7475.jpg 1367w\" sizes=\"(max-width: 684px) 100vw, 684px\" \/>\t\t\t\t\t\t\t\t\t\t\t<\/div>\n\t\t\t\t<\/div>\n\t\t\t\t<\/div>\n\t\t\t\t\t\t<\/div>\n\t\t\t\t\t<\/div>\n\t\t<\/div>\n\t\t\t\t<div class=\"elementor-column elementor-col-33 elementor-inner-column elementor-element elementor-element-923043b\" data-id=\"923043b\" data-element_type=\"column\">\n\t\t\t<div class=\"elementor-column-wrap elementor-element-populated\">\n\t\t\t\t\t\t\t<div class=\"elementor-widget-wrap\">\n\t\t\t\t\t\t<div class=\"elementor-element elementor-element-b651a8d elementor-widget elementor-widget-image\" data-id=\"b651a8d\" data-element_type=\"widget\" data-widget_type=\"image.default\">\n\t\t\t\t<div class=\"elementor-widget-container\">\n\t\t\t\t\t<div class=\"elementor-image\">\n\t\t\t\t\t\t\t\t\t\t<img width=\"682\" height=\"1024\" src=\"https:\/\/klimacikweselny.pl\/wp-content\/uploads\/2024\/09\/DSC_3754-682x1024.jpg\" class=\"attachment-large size-large\" alt=\"\" loading=\"lazy\" srcset=\"https:\/\/klimacikweselny.pl\/wp-content\/uploads\/2024\/09\/DSC_3754-682x1024.jpg 682w, https:\/\/klimacikweselny.pl\/wp-content\/uploads\/2024\/09\/DSC_3754-200x300.jpg 200w, https:\/\/klimacikweselny.pl\/wp-content\/uploads\/2024\/09\/DSC_3754-768x1154.jpg 768w, https:\/\/klimacikweselny.pl\/wp-content\/uploads\/2024\/09\/DSC_3754-1022x1536.jpg 1022w, https:\/\/klimacikweselny.pl\/wp-content\/uploads\/2024\/09\/DSC_3754.jpg 1363w\" sizes=\"(max-width: 682px) 100vw, 682px\" \/>\t\t\t\t\t\t\t\t\t\t\t<\/div>\n\t\t\t\t<\/div>\n\t\t\t\t<\/div>\n\t\t\t\t<div class=\"elementor-element elementor-element-c6f0c73 elementor-widget elementor-widget-image\" data-id=\"c6f0c73\" data-element_type=\"widget\" data-widget_type=\"image.default\">\n\t\t\t\t<div class=\"elementor-widget-container\">\n\t\t\t\t\t<div class=\"elementor-image\">\n\t\t\t\t\t\t\t\t\t\t<img width=\"1024\" height=\"683\" src=\"https:\/\/klimacikweselny.pl\/wp-content\/uploads\/2024\/09\/IMG-20231109-WA0020-1024x683.jpg\" class=\"attachment-large size-large\" alt=\"\" loading=\"lazy\" srcset=\"https:\/\/klimacikweselny.pl\/wp-content\/uploads\/2024\/09\/IMG-20231109-WA0020-1024x683.jpg 1024w, https:\/\/klimacikweselny.pl\/wp-content\/uploads\/2024\/09\/IMG-20231109-WA0020-300x200.jpg 300w, https:\/\/klimacikweselny.pl\/wp-content\/uploads\/2024\/09\/IMG-20231109-WA0020-768x512.jpg 768w, https:\/\/klimacikweselny.pl\/wp-content\/uploads\/2024\/09\/IMG-20231109-WA0020-1536x1024.jpg 1536w, https:\/\/klimacikweselny.pl\/wp-content\/uploads\/2024\/09\/IMG-20231109-WA0020.jpg 2048w\" sizes=\"(max-width: 1024px) 100vw, 1024px\" \/>\t\t\t\t\t\t\t\t\t\t\t<\/div>\n\t\t\t\t<\/div>\n\t\t\t\t<\/div>\n\t\t\t\t\t\t<\/div>\n\t\t\t\t\t<\/div>\n\t\t<\/div>\n\t\t\t\t<div class=\"elementor-column elementor-col-33 elementor-inner-column elementor-element elementor-element-ff47f92\" data-id=\"ff47f92\" data-element_type=\"column\">\n\t\t\t<div class=\"elementor-column-wrap elementor-element-populated\">\n\t\t\t\t\t\t\t<div class=\"elementor-widget-wrap\">\n\t\t\t\t\t\t<div class=\"elementor-element elementor-element-15e4c02 elementor-widget elementor-widget-image\" data-id=\"15e4c02\" data-element_type=\"widget\" data-widget_type=\"image.default\">\n\t\t\t\t<div class=\"elementor-widget-container\">\n\t\t\t\t\t<div class=\"elementor-image\">\n\t\t\t\t\t\t\t\t\t\t<img width=\"684\" height=\"1024\" src=\"https:\/\/klimacikweselny.pl\/wp-content\/uploads\/2024\/09\/DSC_7495-684x1024.jpg\" class=\"attachment-large size-large\" alt=\"\" loading=\"lazy\" srcset=\"https:\/\/klimacikweselny.pl\/wp-content\/uploads\/2024\/09\/DSC_7495-684x1024.jpg 684w, https:\/\/klimacikweselny.pl\/wp-content\/uploads\/2024\/09\/DSC_7495-200x300.jpg 200w, https:\/\/klimacikweselny.pl\/wp-content\/uploads\/2024\/09\/DSC_7495-768x1151.jpg 768w, https:\/\/klimacikweselny.pl\/wp-content\/uploads\/2024\/09\/DSC_7495-1025x1536.jpg 1025w, https:\/\/klimacikweselny.pl\/wp-content\/uploads\/2024\/09\/DSC_7495.jpg 1367w\" sizes=\"(max-width: 684px) 100vw, 684px\" \/>\t\t\t\t\t\t\t\t\t\t\t<\/div>\n\t\t\t\t<\/div>\n\t\t\t\t<\/div>\n\t\t\t\t<div class=\"elementor-element elementor-element-c01c949 elementor-widget elementor-widget-image\" data-id=\"c01c949\" data-element_type=\"widget\" data-widget_type=\"image.default\">\n\t\t\t\t<div class=\"elementor-widget-container\">\n\t\t\t\t\t<div class=\"elementor-image\">\n\t\t\t\t\t\t\t\t\t\t<img width=\"1024\" height=\"683\" src=\"https:\/\/klimacikweselny.pl\/wp-content\/uploads\/2024\/09\/IMG-20231109-WA0009-1024x683.jpg\" class=\"attachment-large size-large\" alt=\"\" loading=\"lazy\" srcset=\"https:\/\/klimacikweselny.pl\/wp-content\/uploads\/2024\/09\/IMG-20231109-WA0009-1024x683.jpg 1024w, https:\/\/klimacikweselny.pl\/wp-content\/uploads\/2024\/09\/IMG-20231109-WA0009-300x200.jpg 300w, https:\/\/klimacikweselny.pl\/wp-content\/uploads\/2024\/09\/IMG-20231109-WA0009-768x512.jpg 768w, https:\/\/klimacikweselny.pl\/wp-content\/uploads\/2024\/09\/IMG-20231109-WA0009-1536x1024.jpg 1536w, https:\/\/klimacikweselny.pl\/wp-content\/uploads\/2024\/09\/IMG-20231109-WA0009.jpg 2048w\" sizes=\"(max-width: 1024px) 100vw, 1024px\" \/>\t\t\t\t\t\t\t\t\t\t\t<\/div>\n\t\t\t\t<\/div>\n\t\t\t\t<\/div>\n\t\t\t\t\t\t<\/div>\n\t\t\t\t\t<\/div>\n\t\t<\/div>\n\t\t\t\t\t\t\t\t<\/div>\n\t\t\t\t\t<\/div>\n\t\t<\/section>\n\t\t\t\t\t\t<\/div>\n\t\t\t\t\t<\/div>\n\t\t<\/div>\n\t\t\t\t\t\t\t\t<\/div>\n\t\t\t\t\t<\/div>\n\t\t<\/section>\n\t\t\t\t<section class=\"elementor-section elementor-top-section elementor-element elementor-element-3f9a714 elementor-section-boxed elementor-section-height-default elementor-section-height-default\" data-id=\"3f9a714\" data-element_type=\"section\">\n\t\t\t\t\t\t<div class=\"elementor-container elementor-column-gap-default\">\n\t\t\t\t\t\t\t<div class=\"elementor-row\">\n\t\t\t\t\t<div class=\"elementor-column elementor-col-100 elementor-top-column elementor-element elementor-element-4aca763\" data-id=\"4aca763\" data-element_type=\"column\">\n\t\t\t<div class=\"elementor-column-wrap elementor-element-populated\">\n\t\t\t\t\t\t\t<div class=\"elementor-widget-wrap\">\n\t\t\t\t\t\t<div class=\"elementor-element elementor-element-41981a6 elementor-widget elementor-widget-text-editor\" data-id=\"41981a6\" data-element_type=\"widget\" data-widget_type=\"text-editor.default\">\n\t\t\t\t<div class=\"elementor-widget-container\">\n\t\t\t\t\t<div class=\"elementor-text-editor elementor-clearfix\"><p style=\"text-align: center;\">30.04.2022<\/p><p style=\"text-align: center;\"><span style=\"color: #ff0000;\">Karolina &amp; Miko\u0142aj<\/span><\/p><p>Nasza wyj\u0105tkowa M\u0142oda Para postanowi\u0142a jecha\u0107 do \u015blubu Fiatem 125P!<\/p><p>\u015alub odby\u0142 si\u0119 w Pw. Wniebowst\u0105pienia Pa\u0144skiego w Bydgoszczy. Ta wyj\u0105tkowa dekoracja mia\u0142a skupi\u0107 swoj\u0105 uwag\u0119 na \u0142ukach stworzonych z delikatnego tiulu oraz balon\u00f3w z helem, kt\u00f3re bardzo przypad\u0142y go\u015bciom do gustu. Karolina wyj\u0105tkowo w bukiecie \u015blubnym, w ko\u015bciele jak i na sali weselnej postawi\u0142a na kwiaty paproci.<\/p><p>Sala Bankietowa Magnolia w Kruszynie wygl\u0105da\u0142a ob\u0142\u0119dnie. Ziele\u0144 i z\u0142oto to kolory przewodnie tego wyj\u0105tkowego dnia!<\/p><p>\u00a0<\/p><\/div>\n\t\t\t\t<\/div>\n\t\t\t\t<\/div>\n\t\t\t\t<section class=\"elementor-section elementor-inner-section elementor-element elementor-element-138b343 elementor-section-boxed elementor-section-height-default elementor-section-height-default\" data-id=\"138b343\" data-element_type=\"section\">\n\t\t\t\t\t\t<div class=\"elementor-container elementor-column-gap-default\">\n\t\t\t\t\t\t\t<div class=\"elementor-row\">\n\t\t\t\t\t<div class=\"elementor-column elementor-col-33 elementor-inner-column elementor-element elementor-element-28670ef\" data-id=\"28670ef\" data-element_type=\"column\">\n\t\t\t<div class=\"elementor-column-wrap elementor-element-populated\">\n\t\t\t\t\t\t\t<div class=\"elementor-widget-wrap\">\n\t\t\t\t\t\t<div class=\"elementor-element elementor-element-58b25cc elementor-widget elementor-widget-image\" data-id=\"58b25cc\" data-element_type=\"widget\" data-widget_type=\"image.default\">\n\t\t\t\t<div class=\"elementor-widget-container\">\n\t\t\t\t\t<div class=\"elementor-image\">\n\t\t\t\t\t\t\t\t\t\t<img width=\"1024\" height=\"683\" src=\"https:\/\/klimacikweselny.pl\/wp-content\/uploads\/2024\/09\/24A270-1024x683.jpg\" class=\"attachment-large size-large\" alt=\"\" loading=\"lazy\" srcset=\"https:\/\/klimacikweselny.pl\/wp-content\/uploads\/2024\/09\/24A270-1024x683.jpg 1024w, https:\/\/klimacikweselny.pl\/wp-content\/uploads\/2024\/09\/24A270-300x200.jpg 300w, https:\/\/klimacikweselny.pl\/wp-content\/uploads\/2024\/09\/24A270-768x512.jpg 768w, https:\/\/klimacikweselny.pl\/wp-content\/uploads\/2024\/09\/24A270-1536x1024.jpg 1536w, https:\/\/klimacikweselny.pl\/wp-content\/uploads\/2024\/09\/24A270-2048x1365.jpg 2048w\" sizes=\"(max-width: 1024px) 100vw, 1024px\" \/>\t\t\t\t\t\t\t\t\t\t\t<\/div>\n\t\t\t\t<\/div>\n\t\t\t\t<\/div>\n\t\t\t\t<div class=\"elementor-element elementor-element-6d51403 elementor-widget elementor-widget-image\" data-id=\"6d51403\" data-element_type=\"widget\" data-widget_type=\"image.default\">\n\t\t\t\t<div class=\"elementor-widget-container\">\n\t\t\t\t\t<div class=\"elementor-image\">\n\t\t\t\t\t\t\t\t\t\t<img width=\"683\" height=\"1024\" src=\"https:\/\/klimacikweselny.pl\/wp-content\/uploads\/2024\/09\/24A260-683x1024.jpg\" class=\"attachment-large size-large\" alt=\"\" loading=\"lazy\" srcset=\"https:\/\/klimacikweselny.pl\/wp-content\/uploads\/2024\/09\/24A260-683x1024.jpg 683w, https:\/\/klimacikweselny.pl\/wp-content\/uploads\/2024\/09\/24A260-200x300.jpg 200w, https:\/\/klimacikweselny.pl\/wp-content\/uploads\/2024\/09\/24A260-768x1152.jpg 768w, https:\/\/klimacikweselny.pl\/wp-content\/uploads\/2024\/09\/24A260-1024x1536.jpg 1024w, https:\/\/klimacikweselny.pl\/wp-content\/uploads\/2024\/09\/24A260-1365x2048.jpg 1365w, https:\/\/klimacikweselny.pl\/wp-content\/uploads\/2024\/09\/24A260-scaled.jpg 1707w\" sizes=\"(max-width: 683px) 100vw, 683px\" \/>\t\t\t\t\t\t\t\t\t\t\t<\/div>\n\t\t\t\t<\/div>\n\t\t\t\t<\/div>\n\t\t\t\t\t\t<\/div>\n\t\t\t\t\t<\/div>\n\t\t<\/div>\n\t\t\t\t<div class=\"elementor-column elementor-col-33 elementor-inner-column elementor-element elementor-element-1489fa4\" data-id=\"1489fa4\" data-element_type=\"column\">\n\t\t\t<div class=\"elementor-column-wrap elementor-element-populated\">\n\t\t\t\t\t\t\t<div class=\"elementor-widget-wrap\">\n\t\t\t\t\t\t<div class=\"elementor-element elementor-element-92014bd elementor-widget elementor-widget-image\" data-id=\"92014bd\" data-element_type=\"widget\" data-widget_type=\"image.default\">\n\t\t\t\t<div class=\"elementor-widget-container\">\n\t\t\t\t\t<div class=\"elementor-image\">\n\t\t\t\t\t\t\t\t\t\t<img width=\"683\" height=\"1024\" src=\"https:\/\/klimacikweselny.pl\/wp-content\/uploads\/2024\/09\/24A165-683x1024.jpg\" class=\"attachment-large size-large\" alt=\"\" loading=\"lazy\" srcset=\"https:\/\/klimacikweselny.pl\/wp-content\/uploads\/2024\/09\/24A165-683x1024.jpg 683w, https:\/\/klimacikweselny.pl\/wp-content\/uploads\/2024\/09\/24A165-200x300.jpg 200w, https:\/\/klimacikweselny.pl\/wp-content\/uploads\/2024\/09\/24A165-768x1152.jpg 768w, https:\/\/klimacikweselny.pl\/wp-content\/uploads\/2024\/09\/24A165-1024x1536.jpg 1024w, https:\/\/klimacikweselny.pl\/wp-content\/uploads\/2024\/09\/24A165-1365x2048.jpg 1365w, https:\/\/klimacikweselny.pl\/wp-content\/uploads\/2024\/09\/24A165-scaled.jpg 1707w\" sizes=\"(max-width: 683px) 100vw, 683px\" \/>\t\t\t\t\t\t\t\t\t\t\t<\/div>\n\t\t\t\t<\/div>\n\t\t\t\t<\/div>\n\t\t\t\t<div class=\"elementor-element elementor-element-7b8997f elementor-widget elementor-widget-image\" data-id=\"7b8997f\" data-element_type=\"widget\" data-widget_type=\"image.default\">\n\t\t\t\t<div class=\"elementor-widget-container\">\n\t\t\t\t\t<div class=\"elementor-image\">\n\t\t\t\t\t\t\t\t\t\t<img width=\"1024\" height=\"683\" src=\"https:\/\/klimacikweselny.pl\/wp-content\/uploads\/2024\/09\/24A261-1-1024x683.jpg\" class=\"attachment-large size-large\" alt=\"\" loading=\"lazy\" srcset=\"https:\/\/klimacikweselny.pl\/wp-content\/uploads\/2024\/09\/24A261-1-1024x683.jpg 1024w, https:\/\/klimacikweselny.pl\/wp-content\/uploads\/2024\/09\/24A261-1-300x200.jpg 300w, https:\/\/klimacikweselny.pl\/wp-content\/uploads\/2024\/09\/24A261-1-768x512.jpg 768w, https:\/\/klimacikweselny.pl\/wp-content\/uploads\/2024\/09\/24A261-1-1536x1024.jpg 1536w, https:\/\/klimacikweselny.pl\/wp-content\/uploads\/2024\/09\/24A261-1-2048x1365.jpg 2048w\" sizes=\"(max-width: 1024px) 100vw, 1024px\" \/>\t\t\t\t\t\t\t\t\t\t\t<\/div>\n\t\t\t\t<\/div>\n\t\t\t\t<\/div>\n\t\t\t\t\t\t<\/div>\n\t\t\t\t\t<\/div>\n\t\t<\/div>\n\t\t\t\t<div class=\"elementor-column elementor-col-33 elementor-inner-column elementor-element elementor-element-290b8f8\" data-id=\"290b8f8\" data-element_type=\"column\">\n\t\t\t<div class=\"elementor-column-wrap elementor-element-populated\">\n\t\t\t\t\t\t\t<div class=\"elementor-widget-wrap\">\n\t\t\t\t\t\t<div class=\"elementor-element elementor-element-05ac8ea elementor-widget elementor-widget-image\" data-id=\"05ac8ea\" data-element_type=\"widget\" data-widget_type=\"image.default\">\n\t\t\t\t<div class=\"elementor-widget-container\">\n\t\t\t\t\t<div class=\"elementor-image\">\n\t\t\t\t\t\t\t\t\t\t<img width=\"683\" height=\"1024\" src=\"https:\/\/klimacikweselny.pl\/wp-content\/uploads\/2024\/09\/24A246-683x1024.jpg\" class=\"attachment-large size-large\" alt=\"\" loading=\"lazy\" srcset=\"https:\/\/klimacikweselny.pl\/wp-content\/uploads\/2024\/09\/24A246-683x1024.jpg 683w, https:\/\/klimacikweselny.pl\/wp-content\/uploads\/2024\/09\/24A246-200x300.jpg 200w, https:\/\/klimacikweselny.pl\/wp-content\/uploads\/2024\/09\/24A246-768x1152.jpg 768w, https:\/\/klimacikweselny.pl\/wp-content\/uploads\/2024\/09\/24A246-1024x1536.jpg 1024w, https:\/\/klimacikweselny.pl\/wp-content\/uploads\/2024\/09\/24A246-1365x2048.jpg 1365w, https:\/\/klimacikweselny.pl\/wp-content\/uploads\/2024\/09\/24A246-scaled.jpg 1707w\" sizes=\"(max-width: 683px) 100vw, 683px\" \/>\t\t\t\t\t\t\t\t\t\t\t<\/div>\n\t\t\t\t<\/div>\n\t\t\t\t<\/div>\n\t\t\t\t<div class=\"elementor-element elementor-element-bbebc12 elementor-widget elementor-widget-image\" data-id=\"bbebc12\" data-element_type=\"widget\" data-widget_type=\"image.default\">\n\t\t\t\t<div class=\"elementor-widget-container\">\n\t\t\t\t\t<div class=\"elementor-image\">\n\t\t\t\t\t\t\t\t\t\t<img width=\"1024\" height=\"683\" src=\"https:\/\/klimacikweselny.pl\/wp-content\/uploads\/2024\/09\/24A145-1024x683.jpg\" class=\"attachment-large size-large\" alt=\"\" loading=\"lazy\" srcset=\"https:\/\/klimacikweselny.pl\/wp-content\/uploads\/2024\/09\/24A145-1024x683.jpg 1024w, https:\/\/klimacikweselny.pl\/wp-content\/uploads\/2024\/09\/24A145-300x200.jpg 300w, https:\/\/klimacikweselny.pl\/wp-content\/uploads\/2024\/09\/24A145-768x512.jpg 768w, https:\/\/klimacikweselny.pl\/wp-content\/uploads\/2024\/09\/24A145-1536x1024.jpg 1536w, https:\/\/klimacikweselny.pl\/wp-content\/uploads\/2024\/09\/24A145-2048x1365.jpg 2048w\" sizes=\"(max-width: 1024px) 100vw, 1024px\" \/>\t\t\t\t\t\t\t\t\t\t\t<\/div>\n\t\t\t\t<\/div>\n\t\t\t\t<\/div>\n\t\t\t\t\t\t<\/div>\n\t\t\t\t\t<\/div>\n\t\t<\/div>\n\t\t\t\t\t\t\t\t<\/div>\n\t\t\t\t\t<\/div>\n\t\t<\/section>\n\t\t\t\t\t\t<\/div>\n\t\t\t\t\t<\/div>\n\t\t<\/div>\n\t\t\t\t\t\t\t\t<\/div>\n\t\t\t\t\t<\/div>\n\t\t<\/section>\n\t\t\t\t\t\t<\/div>\n\t\t\t\t\t\t<\/div>\n\t\t\t\t\t<\/div>\n\t\t","protected":false},"excerpt":{"rendered":"<p>02.03.2023 Ilona &amp; Piotr Tym razem nasza M\u0142oda Para postanowi\u0142a jecha\u0107 do \u015blubu Chrysler 300C \u015alub odby\u0142 si\u0119 w Pw. Matki Boskiej Nieustaj\u0105cej Pomocy w Bydgoszczy. Ta wyj\u0105tkowa dekoracja mia\u0142a skupi\u0107 swoj\u0105 uwag\u0119 na \u0142ukach stworzonych z delikatnego tiulu oraz balon\u00f3w z helem, kt\u00f3re bardzo przypad\u0142y go\u015bciom do gustu. Ilona wymarzy\u0142a sobie aby tego dnia [&hellip;]<\/p>\n","protected":false},"author":1,"featured_media":0,"parent":0,"menu_order":0,"comment_status":"closed","ping_status":"closed","template":"","meta":[],"yoast_head":"<!-- This site is optimized with the Yoast SEO plugin v15.2.1 - https:\/\/yoast.com\/wordpress\/plugins\/seo\/ -->\n<title>Realizacje - Klimacik Weselny<\/title>\n<meta name=\"robots\" content=\"index, follow, max-snippet:-1, max-image-preview:large, max-video-preview:-1\" \/>\n<link rel=\"canonical\" href=\"https:\/\/klimacikweselny.pl\/index.php\/realizacje\/\" \/>\n<meta property=\"og:locale\" content=\"pl_PL\" \/>\n<meta property=\"og:type\" content=\"article\" \/>\n<meta property=\"og:title\" content=\"Realizacje - Klimacik Weselny\" \/>\n<meta property=\"og:description\" content=\"02.03.2023 Ilona &amp; Piotr Tym razem nasza M\u0142oda Para postanowi\u0142a jecha\u0107 do \u015blubu Chrysler 300C \u015alub odby\u0142 si\u0119 w Pw. Matki Boskiej Nieustaj\u0105cej Pomocy w Bydgoszczy. Ta wyj\u0105tkowa dekoracja mia\u0142a skupi\u0107 swoj\u0105 uwag\u0119 na \u0142ukach stworzonych z delikatnego tiulu oraz balon\u00f3w z helem, kt\u00f3re bardzo przypad\u0142y go\u015bciom do gustu. Ilona wymarzy\u0142a sobie aby tego dnia [&hellip;]\" \/>\n<meta property=\"og:url\" content=\"https:\/\/klimacikweselny.pl\/index.php\/realizacje\/\" \/>\n<meta property=\"og:site_name\" content=\"Klimacik Weselny\" \/>\n<meta property=\"article:modified_time\" content=\"2024-09-17T20:18:15+00:00\" \/>\n<meta property=\"og:image\" content=\"https:\/\/klimacikweselny.pl\/wp-content\/uploads\/2024\/09\/IMG-20231109-WA0014-1024x683.jpg\" \/>\n<meta name=\"twitter:card\" content=\"summary_large_image\" \/>\n<meta name=\"twitter:label1\" content=\"Written by\">\n\t<meta name=\"twitter:data1\" content=\"klimacikweselny-admin\">\n\t<meta name=\"twitter:label2\" content=\"Est. reading time\">\n\t<meta name=\"twitter:data2\" content=\"1 minuta\">\n<script type=\"application\/ld+json\" class=\"yoast-schema-graph\">{\"@context\":\"https:\/\/schema.org\",\"@graph\":[{\"@type\":\"WebSite\",\"@id\":\"https:\/\/klimacikweselny.pl\/#website\",\"url\":\"https:\/\/klimacikweselny.pl\/\",\"name\":\"Klimacik Weselny\",\"description\":\"\",\"potentialAction\":[{\"@type\":\"SearchAction\",\"target\":\"https:\/\/klimacikweselny.pl\/?s={search_term_string}\",\"query-input\":\"required name=search_term_string\"}],\"inLanguage\":\"pl-PL\"},{\"@type\":\"ImageObject\",\"@id\":\"https:\/\/klimacikweselny.pl\/index.php\/realizacje\/#primaryimage\",\"inLanguage\":\"pl-PL\",\"url\":\"https:\/\/klimacikweselny.pl\/wp-content\/uploads\/2024\/09\/IMG-20231109-WA0014.jpg\",\"width\":2048,\"height\":1365},{\"@type\":\"WebPage\",\"@id\":\"https:\/\/klimacikweselny.pl\/index.php\/realizacje\/#webpage\",\"url\":\"https:\/\/klimacikweselny.pl\/index.php\/realizacje\/\",\"name\":\"Realizacje - Klimacik Weselny\",\"isPartOf\":{\"@id\":\"https:\/\/klimacikweselny.pl\/#website\"},\"primaryImageOfPage\":{\"@id\":\"https:\/\/klimacikweselny.pl\/index.php\/realizacje\/#primaryimage\"},\"datePublished\":\"2024-04-09T17:05:51+00:00\",\"dateModified\":\"2024-09-17T20:18:15+00:00\",\"inLanguage\":\"pl-PL\",\"potentialAction\":[{\"@type\":\"ReadAction\",\"target\":[\"https:\/\/klimacikweselny.pl\/index.php\/realizacje\/\"]}]}]}<\/script>\n<!-- \/ Yoast SEO plugin. -->","_links":{"self":[{"href":"https:\/\/klimacikweselny.pl\/index.php\/wp-json\/wp\/v2\/pages\/957"}],"collection":[{"href":"https:\/\/klimacikweselny.pl\/index.php\/wp-json\/wp\/v2\/pages"}],"about":[{"href":"https:\/\/klimacikweselny.pl\/index.php\/wp-json\/wp\/v2\/types\/page"}],"author":[{"embeddable":true,"href":"https:\/\/klimacikweselny.pl\/index.php\/wp-json\/wp\/v2\/users\/1"}],"replies":[{"embeddable":true,"href":"https:\/\/klimacikweselny.pl\/index.php\/wp-json\/wp\/v2\/comments?post=957"}],"version-history":[{"count":52,"href":"https:\/\/klimacikweselny.pl\/index.php\/wp-json\/wp\/v2\/pages\/957\/revisions"}],"predecessor-version":[{"id":1098,"href":"https:\/\/klimacikweselny.pl\/index.php\/wp-json\/wp\/v2\/pages\/957\/revisions\/1098"}],"wp:attachment":[{"href":"https:\/\/klimacikweselny.pl\/index.php\/wp-json\/wp\/v2\/media?parent=957"}],"curies":[{"name":"wp","href":"https:\/\/api.w.org\/{rel}","templated":true}]}}